{"id":285,"date":"2017-05-10T16:53:01","date_gmt":"2017-05-10T16:53:01","guid":{"rendered":"http:\/\/dev2.berenbaumlaw.com\/?page_id=285\/"},"modified":"2018-05-09T14:42:40","modified_gmt":"2018-05-09T14:42:40","slug":"home-page","status":"publish","type":"page","link":"https:\/\/berenbaumlaw.com\/en\/","title":{"rendered":"Home page"},"content":{"rendered":"<div class=\"wpb-content-wrapper\"><p>[vc_row bottom_padding=&#8221;60&#8243;][vc_column width=&#8221;2\/3&#8243;][vc_custom_heading text=&#8221;Berenbaum P.A &#8211; Immigration Law Firm in Miami&#8221; use_theme_fonts=&#8221;yes&#8221;][separator width=&#8221;20px&#8221; height=&#8221;1px&#8221; color=&#8221;#660030&#8243; margin_top=&#8221;20px&#8221; margin_bottom=&#8221;20px&#8221;][vc_column_text]The Berenbaum, P.A. Law Firm concentrates its practice exclusively in the area of U.S. Immigration &amp; Naturalization Law. As such, we are dedicated to helping foreigners with their immigration related needs.<\/p>\n<p>Our office is located in Miami, Florida. However, since U.S. Immigration Law is a matter of federal law and is applied uniformly in all 50 states, our law firm is qualified to render legal advice on issues of U.S. Immigration and Naturalization Law and to represent clients in their matters everywhere in the U.S. as well as worldwide.<\/p>\n<p>The Berenbaum, P.A. Law Firm provides individuals, small businesses, and corporations with the latest and the most suitable immigration strategies. Our firm assists its clients step-by-step in the process of obtaining a lawful status in the U.S. whether they want to visit the country, study, run a business, or immigrate with their family.<\/p>\n<p><strong>Our mission is to take a genuine interest in our clients, understand their objectives, and even surpass their expectations.<\/strong>[\/vc_column_text][vc_btn title=&#8221;More info&#8221; color=&#8221;default&#8221; size=&#8221;sm&#8221; i_icon_fontawesome=&#8221;fa fa-arrow-right&#8221; add_icon=&#8221;true&#8221; link=&#8221;url:%2Fen%2Fthe-firm%2F|||&#8221;][\/vc_column][vc_column width=&#8221;1\/3&#8243;][vc_custom_heading text=&#8221;3 reasons to hire us&#8221; use_theme_fonts=&#8221;yes&#8221;][separator width=&#8221;20px&#8221; height=&#8221;1px&#8221; color=&#8221;#660030&#8243; margin_top=&#8221;20px&#8221; margin_bottom=&#8221;20px&#8221;][list icon=&#8221;moon-star-3&#8243;][list_item style=&#8221;titledesc&#8221; title=&#8221;DEDICATION&#8221; desc=&#8221;We assist our clients with passion and commitment for the duration of their case.&#8221;][list_item style=&#8221;titledesc&#8221; title=&#8221;SUCCESS&#8221; desc=&#8221;We have assisted hundreds of clients in reaching their immigration goals with a positive outcome.&#8221;][list_item style=&#8221;titledesc&#8221; title=&#8221;MULTILINGUAL STAFF&#8221; desc=&#8221;Our multilingual and culturally diverse firm represents clients around the world in English, Espanol, Italiano &amp; Portuguese.&#8221;][\/list][\/vc_column][\/vc_row][vc_row bg_color=&#8221;#f6f6f6&#8243; top_padding=&#8221;60&#8243; bottom_padding=&#8221;60&#8243;][vc_column width=&#8221;1\/3&#8243;][vc_icon icon_fontawesome=&#8221;fa fa-university&#8221; color=&#8221;custom&#8221; background_style=&#8221;rounded&#8221; background_color=&#8221;custom&#8221; size=&#8221;lg&#8221; align=&#8221;center&#8221; custom_color=&#8221;#ffffff&#8221; link=&#8221;url:%2Fen%2Fpractice-areas%2F|title:Competence||&#8221; custom_background_color=&#8221;#660033&#8243;][vc_column_text]<\/p>\n<h2 style=\"text-align: center;\"><a href=\"\/en\/practice-areas\/\">Non-immigrant visas<\/a><\/h2>\n<p style=\"text-align: justify;\">A non-immigrant or temporary visa allows an individual to be in the U.S. for a definite period of time.<\/p>\n<p>[\/vc_column_text][\/vc_column][vc_column width=&#8221;1\/3&#8243;][vc_icon type=&#8221;typicons&#8221; icon_typicons=&#8221;typcn typcn-business-card&#8221; color=&#8221;custom&#8221; background_style=&#8221;rounded&#8221; background_color=&#8221;custom&#8221; size=&#8221;lg&#8221; align=&#8221;center&#8221; custom_color=&#8221;#ffffff&#8221; link=&#8221;url:%2Fen%2Fpractice-areas%2F|title:Competence||&#8221; custom_background_color=&#8221;#660033&#8243;][vc_column_text]<\/p>\n<h2 style=\"text-align: center;\"><a href=\"\/en\/practice-areas\/\">Immigrant visas<\/a><\/h2>\n<p style=\"text-align: justify;\">An immigrant visa is required of anyone who wishes to enter the United States to reside there permanently.<\/p>\n<p>[\/vc_column_text][\/vc_column][vc_column width=&#8221;1\/3&#8243;][vc_icon icon_fontawesome=&#8221;fa fa-globe&#8221; color=&#8221;custom&#8221; background_style=&#8221;rounded&#8221; background_color=&#8221;custom&#8221; size=&#8221;lg&#8221; align=&#8221;center&#8221; custom_color=&#8221;#ffffff&#8221; link=&#8221;url:%2Fen%2Fpractice-areas%2F|title:Competence||&#8221; custom_background_color=&#8221;#660033&#8243;][vc_column_text]<\/p>\n<h2 style=\"text-align: center;\"><a href=\"\/en\/practice-areas\/\">Citizenship and Naturalization<\/a><\/h2>\n<p style=\"text-align: justify;\">The naturalization procedure allows a foreigner to become American after birth. Citizenship is acquired by the law of the soil or by a bond of filiation with an American relative or a grandparent.<\/p>\n<p>[\/vc_column_text][\/vc_column][\/vc_row][vc_row type=&#8221;full_width_background&#8221; bg_color=&#8221;#660033&#8243; text_color=&#8221;light&#8221; top_padding=&#8221;20&#8243; bottom_padding=&#8221;20&#8243;][vc_column][textbar title=&#8221;Contact Us to schedule your consultation!&#8221; button_title=&#8221;Click here!&#8221; button_link=&#8221;\/en\/contact\/&#8221; icon=&#8221;steadysets-icon-arrow-right&#8221;][\/vc_column][\/vc_row]<\/p>\n<\/div>","protected":false},"excerpt":{"rendered":"<p>[vc_row bottom_padding=&#8221;60&#8243;][vc_column width=&#8221;2\/3&#8243;][vc_custom_heading text=&#8221;Berenbaum P.A &#8211; Immigration Law Firm in Miami&#8221; use_theme_fonts=&#8221;yes&#8221;][separator width=&#8221;20px&#8221; height=&#8221;1px&#8221; color=&#8221;#660030&#8243; margin_top=&#8221;20px&#8221; margin_bottom=&#8221;20px&#8221;][vc_column_text]The Berenbaum, P.A. Law Firm concentrates its practice exclusively in the area of U.S. Immigration &amp; Naturalization Law. As such, we are dedicated to helping foreigners with their immigration related needs. Our office is located in Miami, Florida. However, [&hellip;]<\/p>\n","protected":false},"author":1,"featured_media":0,"parent":0,"menu_order":0,"comment_status":"closed","ping_status":"closed","template":"","meta":{"footnotes":""},"class_list":["post-285","page","type-page","status-publish","hentry"],"yoast_head":"<!-- This site is optimized with the Yoast SEO plugin v27.5 - https:\/\/yoast.com\/product\/yoast-seo-wordpress\/ -->\n<title>Home page - Berenbaum Law Firm<\/title>\n<meta name=\"description\" content=\"Le Cabinet d\u2019Avocats Berenbaum, situ\u00e9 \u00e0 Miami en Floride, est un cabinet francophone sp\u00e9cialis\u00e9 en droit Am\u00e9ricain de l\u2019Immigration et de la Naturalisation.\" \/>\n<meta name=\"robots\" content=\"index, follow, max-snippet:-1, max-image-preview:large, max-video-preview:-1\" \/>\n<link rel=\"canonical\" href=\"https:\/\/berenbaumlaw.com\/en\/\" \/>\n<meta property=\"og:locale\" content=\"en_US\" \/>\n<meta property=\"og:type\" content=\"article\" \/>\n<meta property=\"og:title\" content=\"Home page - Berenbaum Law Firm\" \/>\n<meta property=\"og:description\" content=\"Le Cabinet d\u2019Avocats Berenbaum, situ\u00e9 \u00e0 Miami en Floride, est un cabinet francophone sp\u00e9cialis\u00e9 en droit Am\u00e9ricain de l\u2019Immigration et de la Naturalisation.\" \/>\n<meta property=\"og:url\" content=\"https:\/\/berenbaumlaw.com\/en\/\" \/>\n<meta property=\"og:site_name\" content=\"Berenbaum Law Firm\" \/>\n<meta property=\"article:modified_time\" content=\"2018-05-09T14:42:40+00:00\" \/>\n<meta name=\"twitter:card\" content=\"summary_large_image\" \/>\n<meta name=\"twitter:label1\" content=\"Est. reading time\" \/>\n\t<meta name=\"twitter:data1\" content=\"3 minutes\" \/>\n<script type=\"application\/ld+json\" class=\"yoast-schema-graph\">{\"@context\":\"https:\\\/\\\/schema.org\",\"@graph\":[{\"@type\":\"WebPage\",\"@id\":\"https:\\\/\\\/berenbaumlaw.com\\\/en\\\/\",\"url\":\"https:\\\/\\\/berenbaumlaw.com\\\/en\\\/\",\"name\":\"Home page - Berenbaum Law Firm\",\"isPartOf\":{\"@id\":\"http:\\\/\\\/berenbaumlaw.com\\\/en\\\/#website\"},\"datePublished\":\"2017-05-10T16:53:01+00:00\",\"dateModified\":\"2018-05-09T14:42:40+00:00\",\"description\":\"Le Cabinet d\u2019Avocats Berenbaum, situ\u00e9 \u00e0 Miami en Floride, est un cabinet francophone sp\u00e9cialis\u00e9 en droit Am\u00e9ricain de l\u2019Immigration et de la Naturalisation.\",\"breadcrumb\":{\"@id\":\"https:\\\/\\\/berenbaumlaw.com\\\/en\\\/#breadcrumb\"},\"inLanguage\":\"en-US\",\"potentialAction\":[{\"@type\":\"ReadAction\",\"target\":[\"https:\\\/\\\/berenbaumlaw.com\\\/en\\\/\"]}]},{\"@type\":\"BreadcrumbList\",\"@id\":\"https:\\\/\\\/berenbaumlaw.com\\\/en\\\/#breadcrumb\",\"itemListElement\":[{\"@type\":\"ListItem\",\"position\":1,\"name\":\"Accueil\",\"item\":\"https:\\\/\\\/berenbaumlaw.com\\\/en\\\/\"},{\"@type\":\"ListItem\",\"position\":2,\"name\":\"Home page\"}]},{\"@type\":\"WebSite\",\"@id\":\"http:\\\/\\\/berenbaumlaw.com\\\/en\\\/#website\",\"url\":\"http:\\\/\\\/berenbaumlaw.com\\\/en\\\/\",\"name\":\"Berenbaum Law Firm\",\"description\":\"Miami Immigration Attorney\",\"potentialAction\":[{\"@type\":\"SearchAction\",\"target\":{\"@type\":\"EntryPoint\",\"urlTemplate\":\"http:\\\/\\\/berenbaumlaw.com\\\/en\\\/?s={search_term_string}\"},\"query-input\":{\"@type\":\"PropertyValueSpecification\",\"valueRequired\":true,\"valueName\":\"search_term_string\"}}],\"inLanguage\":\"en-US\"}]}<\/script>\n<!-- \/ Yoast SEO plugin. -->","yoast_head_json":{"title":"Home page - Berenbaum Law Firm","description":"Le Cabinet d\u2019Avocats Berenbaum, situ\u00e9 \u00e0 Miami en Floride, est un cabinet francophone sp\u00e9cialis\u00e9 en droit Am\u00e9ricain de l\u2019Immigration et de la Naturalisation.","robots":{"index":"index","follow":"follow","max-snippet":"max-snippet:-1","max-image-preview":"max-image-preview:large","max-video-preview":"max-video-preview:-1"},"canonical":"https:\/\/berenbaumlaw.com\/en\/","og_locale":"en_US","og_type":"article","og_title":"Home page - Berenbaum Law Firm","og_description":"Le Cabinet d\u2019Avocats Berenbaum, situ\u00e9 \u00e0 Miami en Floride, est un cabinet francophone sp\u00e9cialis\u00e9 en droit Am\u00e9ricain de l\u2019Immigration et de la Naturalisation.","og_url":"https:\/\/berenbaumlaw.com\/en\/","og_site_name":"Berenbaum Law Firm","article_modified_time":"2018-05-09T14:42:40+00:00","twitter_card":"summary_large_image","twitter_misc":{"Est. reading time":"3 minutes"},"schema":{"@context":"https:\/\/schema.org","@graph":[{"@type":"WebPage","@id":"https:\/\/berenbaumlaw.com\/en\/","url":"https:\/\/berenbaumlaw.com\/en\/","name":"Home page - Berenbaum Law Firm","isPartOf":{"@id":"http:\/\/berenbaumlaw.com\/en\/#website"},"datePublished":"2017-05-10T16:53:01+00:00","dateModified":"2018-05-09T14:42:40+00:00","description":"Le Cabinet d\u2019Avocats Berenbaum, situ\u00e9 \u00e0 Miami en Floride, est un cabinet francophone sp\u00e9cialis\u00e9 en droit Am\u00e9ricain de l\u2019Immigration et de la Naturalisation.","breadcrumb":{"@id":"https:\/\/berenbaumlaw.com\/en\/#breadcrumb"},"inLanguage":"en-US","potentialAction":[{"@type":"ReadAction","target":["https:\/\/berenbaumlaw.com\/en\/"]}]},{"@type":"BreadcrumbList","@id":"https:\/\/berenbaumlaw.com\/en\/#breadcrumb","itemListElement":[{"@type":"ListItem","position":1,"name":"Accueil","item":"https:\/\/berenbaumlaw.com\/en\/"},{"@type":"ListItem","position":2,"name":"Home page"}]},{"@type":"WebSite","@id":"http:\/\/berenbaumlaw.com\/en\/#website","url":"http:\/\/berenbaumlaw.com\/en\/","name":"Berenbaum Law Firm","description":"Miami Immigration Attorney","potentialAction":[{"@type":"SearchAction","target":{"@type":"EntryPoint","urlTemplate":"http:\/\/berenbaumlaw.com\/en\/?s={search_term_string}"},"query-input":{"@type":"PropertyValueSpecification","valueRequired":true,"valueName":"search_term_string"}}],"inLanguage":"en-US"}]}},"_links":{"self":[{"href":"https:\/\/berenbaumlaw.com\/en\/wp-json\/wp\/v2\/pages\/285","targetHints":{"allow":["GET"]}}],"collection":[{"href":"https:\/\/berenbaumlaw.com\/en\/wp-json\/wp\/v2\/pages"}],"about":[{"href":"https:\/\/berenbaumlaw.com\/en\/wp-json\/wp\/v2\/types\/page"}],"author":[{"embeddable":true,"href":"https:\/\/berenbaumlaw.com\/en\/wp-json\/wp\/v2\/users\/1"}],"replies":[{"embeddable":true,"href":"https:\/\/berenbaumlaw.com\/en\/wp-json\/wp\/v2\/comments?post=285"}],"version-history":[{"count":26,"href":"https:\/\/berenbaumlaw.com\/en\/wp-json\/wp\/v2\/pages\/285\/revisions"}],"predecessor-version":[{"id":540,"href":"https:\/\/berenbaumlaw.com\/en\/wp-json\/wp\/v2\/pages\/285\/revisions\/540"}],"wp:attachment":[{"href":"https:\/\/berenbaumlaw.com\/en\/wp-json\/wp\/v2\/media?parent=285"}],"curies":[{"name":"wp","href":"https:\/\/api.w.org\/{rel}","templated":true}]}}